{"id":6,"date":"2019-09-30T10:27:37","date_gmt":"2019-09-30T10:27:37","guid":{"rendered":"http:\/\/polishund.se\/?page_id=6"},"modified":"2019-09-30T10:27:37","modified_gmt":"2019-09-30T10:27:37","slug":"utbildning","status":"publish","type":"page","link":"https:\/\/polishund.se\/?page_id=6","title":{"rendered":"Utbildning"},"content":{"rendered":"\n<p>Eftersom Hundf\u00f6rarf\u00f6rbundet \u00e4r en intresseorganisation som inte har f\u00f6r avsikt att konkurera med den polisi\u00e4ra utbildningen h\u00e5ller vi i st\u00e4llet l\u00e4gerverksamhet.<\/p>\n\n\n\n<p>Vi har f\u00f6r n\u00e4rvarande tv\u00e5 l\u00e4gerverksamheter p\u00e5 g\u00e5ng. Det som \u00e4r aktuellast \u00e4r skyddsl\u00e4ger som g\u00e5r av stapeln i augusti varje \u00e5r. P\u00e5 planeringsstadiet \u00e4r ocks\u00e5 v\u00e5rt vinterl\u00e4ger som traditioneligt planeras till januari m\u00e5nad.<\/p>\n\n\n\n<p>F\u00f6rutom l\u00e4gerverksamheten h\u00e5ller vi utbildningar f\u00f6r domaruppdrag till v\u00e5ra t\u00e4vlingar.<\/p>\n\n\n\n<h2>Domarutbildning<\/h2>\n\n\n\n<p>Domarutbildningar planeras f\u00f6r b\u00e5de narkotika och sommar-SM.<\/p>\n\n\n\n<p>F\u00f6r att vara aktuell skall intresserad vara utbildad och aktiv provledare inom polisen eller ha motsvarande civil kompetens.<\/p>\n\n\n\n<p><\/p>\n","protected":false},"excerpt":{"rendered":"<p>Eftersom Hundf\u00f6rarf\u00f6rbundet \u00e4r en intresseorganisation som inte har f\u00f6r avsikt att konkurera med den polisi\u00e4ra utbildningen h\u00e5ller vi i st\u00e4llet l\u00e4gerverksamhet. Vi har f\u00f6r n\u00e4rvarande tv\u00e5 l\u00e4gerverksamheter p\u00e5 g\u00e5ng. Det&hellip;<\/p>\n","protected":false},"author":1,"featured_media":0,"parent":0,"menu_order":0,"comment_status":"closed","ping_status":"closed","template":"","meta":[],"_links":{"self":[{"href":"https:\/\/polishund.se\/index.php?rest_route=\/wp\/v2\/pages\/6"}],"collection":[{"href":"https:\/\/polishund.se\/index.php?rest_route=\/wp\/v2\/pages"}],"about":[{"href":"https:\/\/polishund.se\/index.php?rest_route=\/wp\/v2\/types\/page"}],"author":[{"embeddable":true,"href":"https:\/\/polishund.se\/index.php?rest_route=\/wp\/v2\/users\/1"}],"replies":[{"embeddable":true,"href":"https:\/\/polishund.se\/index.php?rest_route=%2Fwp%2Fv2%2Fcomments&post=6"}],"version-history":[{"count":1,"href":"https:\/\/polishund.se\/index.php?rest_route=\/wp\/v2\/pages\/6\/revisions"}],"predecessor-version":[{"id":7,"href":"https:\/\/polishund.se\/index.php?rest_route=\/wp\/v2\/pages\/6\/revisions\/7"}],"wp:attachment":[{"href":"https:\/\/polishund.se\/index.php?rest_route=%2Fwp%2Fv2%2Fmedia&parent=6"}],"curies":[{"name":"wp","href":"https:\/\/api.w.org\/{rel}","templated":true}]}}