{"id":9,"date":"2019-09-30T10:29:47","date_gmt":"2019-09-30T10:29:47","guid":{"rendered":"http:\/\/polishund.se\/?page_id=9"},"modified":"2019-09-30T10:29:47","modified_gmt":"2019-09-30T10:29:47","slug":"stadgar","status":"publish","type":"page","link":"https:\/\/polishund.se\/?page_id=9","title":{"rendered":"Stadgar"},"content":{"rendered":"\n<p>POLISENS HUNDF\u00d6RARF\u00d6RBUND<br>\n\u00a7 1.<br>\nF\u00f6rbundet har till uppgift att tillvarata medlemmarnas intressen samt vara r\u00e5dgivande organ<br>\ntill Svenska Polisf\u00f6rbundet i fr\u00e5gor r\u00f6rande polishundtj\u00e4nsten.<br>\nF\u00f6rbundet \u00e4r partipolitiskt obundet.<br>\n\u00a7 2.<br>\nF\u00f6rbundet best\u00e5r lokalt av regionsansvariga med d\u00e4rtill underliggande l\u00e4nsf\u00f6reningar.<br>\nMedlem i l\u00e4nsf\u00f6rening \u00e4r automatiskt medlem i f\u00f6rbundet.<br>\n\u00a7 3.<br>\nR\u00e4tt till medlemskap tillkommer polisman som \u00e4r aktiv tj\u00e4nstehundf\u00f6rare samt polisman som<br>\ntj\u00e4nstg\u00f6r som bef\u00e4l eller instrukt\u00f6r f\u00f6r f\u00f6rare och hundar.<br>\nPassivt medlemskap kan beviljas den som varit men inte l\u00e4ngre \u00e4r i aktiv hundf\u00f6rartj\u00e4nst.<br>\nDen som p\u00e5 s\u00e4rskilt f\u00f6rtj\u00e4nstfullt s\u00e4tt fr\u00e4mjat polishundv\u00e4sendet kan efter f\u00f6rslag fr\u00e5n<br>\nstyrelsen av f\u00f6rbundet utses till hedersmedlem.<br>\n\u00a7 4.<br>\nEtt f\u00f6rbundsr\u00e5d best\u00e5r av regionsansvariga (7 st.) som utses av l\u00e4nsf\u00f6reningarna.<br>\nF\u00f6reningarna utser varje \u00e5r en ledamot regionsansvarig att ing\u00e5 i f\u00f6rbundsr\u00e5det<br>\nn\u00e4stkommande \u00e5r.<br>\nValet meddelas f\u00f6rbundets styrelse f\u00f6re utg\u00e5ngen av det \u00e5r valet \u00e4gt rum.<br>\nF\u00f6rbundsr\u00e5dsledamot kan till sammantr\u00e4de medf\u00f6ra fullmakt f\u00f6r annan inom angr\u00e4nsande<br>\nregion.<br>\n\u00a7 5.<br>\nF\u00f6rbundsr\u00e5det utser inom sig en valberedning best\u00e5ende av tre personer, varav en utses till<br>\nsammankallande. Valberedningen skall minst en m\u00e5nad f\u00f6re \u00e5rsm\u00f6te till f\u00f6rbundsr\u00e5det och<br>\nf\u00f6rbundets styrelse f\u00f6resl\u00e5 styrelseledam\u00f6ter till varje enskild post i styrelsen d\u00e4r om- eller<br>\nnyval \u00e4r aktuellt. Valberedning v\u00e4ljs f\u00f6r tv\u00e5 \u00e5r.<br>\n\u00a7 6.<br>\nF\u00f6rbundets styrelse skall best\u00e5 av:<\/p>\n\n\n\n<ol><li>Ordf\u00f6rande som \u00e4ven \u00e4r ordf\u00f6rande i f\u00f6rbundsr\u00e5det\/\u00e5rsm\u00f6tet samt \u00e4r ansvarig utgivare<br>\nf\u00f6r f\u00f6rbundets tidskrift. N\u00e4r ny ordf\u00f6rande, och d\u00e4rmed ny ansvarig utgivare, v\u00e4ljs skall detta<br>\nmeddelas till Pant och Registreringsverket. Ordf\u00f6rande v\u00e4ljs varje \u00e5r.<\/li><li>Vice v\u00e4ljs f\u00f6r tv\u00e5 \u00e5r varje udda \u00e5rtal.<\/li><li>Kass\u00f6r v\u00e4ljs f\u00f6r tv\u00e5 \u00e5r varje j\u00e4mt \u00e5rtal.<\/li><li>Sekreterare v\u00e4ljs f\u00f6r tv\u00e5 \u00e5r varje udda \u00e5rtal.<\/li><li>Styrelseledamot v\u00e4ljs f\u00f6r tv\u00e5 \u00e5r varje j\u00e4mt \u00e5rtal.<\/li><li>Tv\u00e5 suppleanter, varav en v\u00e4ljs varje udda \u00e5rtal och en varje j\u00e4mt \u00e5rtal.<br>\n\u00a7 7.<br>\n2015-03-08<br>\nStyrelsen kan rekryteras utanf\u00f6r f\u00f6rbundsr\u00e5det. Styrelsen \u00e4r ansvarig inf\u00f6r f\u00f6rbundsr\u00e5det.<br>\nSkulle f\u00f6rbundsr\u00e5dsledamot \u00e4ven v\u00e4ljas till styrelseledamot kan l\u00e4nsf\u00f6reningarna besluta att<br>\nutse en annan f\u00f6rbundsr\u00e5dsledamot.<br>\nStyrelsen skall h\u00e5lla sammantr\u00e4de minst tre g\u00e5nger per \u00e5r. Som sammantr\u00e4desordf\u00f6rande kan<br>\nendast ordinarie ordf\u00f6rande eller vice ordf\u00f6rande tj\u00e4nstg\u00f6ra.<br>\nStyrelsen \u00e4r beslutsm\u00e4ssig d\u00e5 minst tre ledam\u00f6ter, varav en \u00e4r ordf\u00f6rande eller vice<br>\nordf\u00f6rande, \u00e4r n\u00e4rvarande. Ledam\u00f6ter till eventuella arbetsutskott skall rekryteras inom<br>\nf\u00f6rbundsr\u00e5det.<br>\n\u00a7 8.<br>\nF\u00f6rbundets firma tecknas av ordf\u00f6rande och kass\u00f6ren var f\u00f6r sig. F\u00f6r f\u00f6rbundets f\u00f6rbindelser<br>\nsvarar endast dess tillg\u00e5ngar. Styrelsens ledam\u00f6ter \u00e4r gemensamt ansvariga f\u00f6r f\u00f6rbundets<br>\nf\u00f6rvaltning.<br>\n\u00a7 9.<br>\nEtt r\u00e4kenskaps\u00e5r r\u00e4knas fr\u00e5n 1 juli till 30 juni p\u00e5f\u00f6ljande \u00e5r.<br>\nS\u00c4RSKILDA REGLER OM MEDLEMSKAP<br>\n\u00a7 10.<br>\nMedlem kan efter skriftlig beg\u00e4ran beviljas uttr\u00e4de.<br>\nGrund f\u00f6r uteslutning f\u00f6religger d\u00e5 medlem:<br>\na. Ej erlagt medlemsavgift inom f\u00f6reskriven tid och efter p\u00e5minnelse.<br>\nb. Gjort sig skyldig till brott mot stadgar och\/eller beslut fattat av l\u00e4nsf\u00f6rening\/f\u00f6rbund.<br>\nc. P\u00e5 annat s\u00e4tt betett sig ov\u00e4rdig f\u00f6rtroendet att vara medlem.<br>\nBeslut om f\u00f6rlust av medlemskap kan, med angivande av anledning, fattas av s\u00e5v\u00e4l<br>\nl\u00e4nsf\u00f6rening\/region som f\u00f6rbundsr\u00e5d och avser b\u00e5da i enighet med \u00a7 2. Medlem skall<br>\nskriftligen delges beslutet och sk\u00e4let d\u00e4rf\u00f6r.<br>\nMEDLEMSAVGIFT<br>\n\u00a7 11.<br>\nBeslut om medlemsavgift till f\u00f6rbundet fattas av f\u00f6rbundsr\u00e5det vid \u00e5rsm\u00f6te.<br>\nBeslut om medlemsavgift till l\u00e4nsf\u00f6rening fattas av l\u00e4nsf\u00f6reningen.<br>\nDet \u00e5vilar kass\u00f6r i l\u00e4nsf\u00f6rening att \u00e5rligen f\u00f6re den 1 december inbetala medlemsavgifter,<br>\nbaserade p\u00e5 medlemsantalet, till f\u00f6rbundet.<br>\nPassiv medlem erl\u00e4gger halv avgift.<br>\nHedersledamot \u00e4r befriad fr\u00e5n medlemsavgift.<br>\n\u00c5RSM\u00d6TE<br>\nINFORMATIONSM\u00d6TE<br>\n\u00a7 12.<br>\n\u00c5rsm\u00f6te h\u00e5lls i samband med SM i sp\u00e5r och skydd. Om inga SM-t\u00e4vlingar h\u00e5lls, h\u00e5lls<br>\n\u00e5rsm\u00f6te p\u00e5 tid och plats under september m\u00e5nad som f\u00f6rbundsstyrelsen best\u00e4mmer. Vid <br>\n2015-03-08<br>\n\u00e5rsm\u00f6tet har endast f\u00f6rbundsr\u00e5dsledam\u00f6ter och styrelsen yttrande- f\u00f6rslags- och r\u00f6str\u00e4tt. Om<br>\nminst en tredjedel av f\u00f6rbundsr\u00e5dets ledam\u00f6ter skriftligen hos styrelsens ordf\u00f6rande beg\u00e4r<br>\nextra \u00e5rsm\u00f6te skall extra \u00e5rsm\u00f6te h\u00e5llas. Finner f\u00f6rbundsstyrelsen det p\u00e5kallat kan de kalla till<br>\nextra \u00e5rsm\u00f6te\/f\u00f6rbundsr\u00e5d om ekonomin till\u00e5ter.<br>\nInformationsm\u00f6te h\u00e5lles i samband med SM i drag (eller i f\u00f6rekommande fall<br>\ners\u00e4ttningst\u00e4vling) och SM i narkotika. N\u00e4rvaro vid informationsm\u00f6te avg\u00f6rs av<br>\nl\u00e4nsf\u00f6rening\/region. Vid informationsm\u00f6te fattas inga beslut.<br>\nF\u00f6rbundets medlemmar \u00e4ger n\u00e4rvara vid s\u00e5v\u00e4l \u00e5rs- som informationsm\u00f6te.<br>\nF\u00f6rbundsr\u00e5dsledam\u00f6ters utgifter i samband med \u00e5rsm\u00f6te bestrids av ledamotens<br>\nl\u00e4nsf\u00f6reningar.<br>\nStyrelsemedlems utgifter bestrids av f\u00f6rbundet. I b\u00e5da fallen skall resa ske med l\u00e4mpligt<br>\nf\u00e4rdmedel. Annan ers\u00e4ttning kan utges efter s\u00e4rskild \u00f6verenskommelse.<br>\nDagordning vid \u00e5rsm\u00f6te:<\/li><li>Val av \u00e5rsm\u00f6tesordf\u00f6rande, sittande ordf\u00f6rande enligt \u00a7 6.<\/li><li>Val av \u00e5rsm\u00f6tessekreterare.<\/li><li>Fr\u00e5ga om \u00e5rsm\u00f6tets beh\u00f6riga utlysning (1 m\u00e5nad f\u00f6re \u00e5rsm\u00f6tesdag).<\/li><li>Fastst\u00e4llande av dagordning.<\/li><li>Val av justeringsm\u00e4n tillika r\u00f6str\u00e4knare.<\/li><li>\u00c5rsber\u00e4ttelsen.<\/li><li>Revisionsber\u00e4ttelsen.<\/li><li>Fr\u00e5ga om ansvarsfrihet f\u00f6r den tid revisionen omfattar.<\/li><li>Fastst\u00e4llande av budget.<\/li><li>Fastst\u00e4llande av medlemsavgift.<\/li><li>Val av i f\u00f6rekommande fall:<br>\na. Ordf\u00f6rande<br>\nb. Vice ordf\u00f6rande<br>\nc. Sekreterare<br>\nd. Kass\u00f6r<br>\ne. Ledamot<br>\nf. Tv\u00e5 styrelsesuppleanter<br>\ng. Val av tv\u00e5 representanter och tv\u00e5 suppleanter till NPHU.<br>\nh. Tv\u00e5 revisorer f\u00f6r ett \u00e5r<br>\ni. Tv\u00e5 revisorssuppleanter f\u00f6r ett \u00e5r<br>\nj. Arbetsutskott (NPHU ej obligatoriskt).<\/li><li>Behandling av inl\u00e4mnade motioner.<br>\n\u00a7 13.<br>\nMotioner till \u00e5rsm\u00f6tet kan inl\u00e4mnas av enskild medlem eller av l\u00e4nsf\u00f6rening\/region. Motion<br>\nskall \u00e5tf\u00f6ljas av yttrande fr\u00e5n l\u00e4nsf\u00f6reningen eller regionsansvarig som anm\u00e4ler den till <br>\n2015-03-08<br>\nf\u00f6rbundets sekreterare senast den 31 maj det \u00e5r den skall behandlas p\u00e5 \u00e5rsm\u00f6te. Motionen<br>\nredovisas vid \u00e5rsm\u00f6tet av l\u00e4nsf\u00f6reningens utsedde f\u00f6rbundsr\u00e5dsledamot, eller i<br>\nf\u00f6rekommande fall av motion\u00e4ren, n\u00e4r l\u00e4nsf\u00f6rening anser att det finns speciella sk\u00e4l d\u00e4rtill<br>\n(detta skall i s\u00e5dant fall anm\u00e4las samtidigt som motionen). F\u00f6rbundssekreterare skall tillst\u00e4lla<br>\nf\u00f6rbundsstyrelsen och regionsansvariga kopior av anm\u00e4ld motion samt om m\u00f6jligt publicera<br>\ndetta i tidskriften och p\u00e5 hemsidan.<br>\nFACKTIDSKRIFT<br>\n\u00a7 14.<br>\nF\u00f6rbundet skall utge en facktidskrift. Tidskriften skall utan kostnad distribueras till f\u00f6rbundets<br>\nmedlemmar samt annan som f\u00f6rbundsr\u00e5det best\u00e4mmer. Utgivandet b\u00f6r om m\u00f6jligt vara<br>\nf\u00f6renat med viss int\u00e4kt. F\u00f6rsta numret varje \u00e5r skall inneh\u00e5lla f\u00f6rbundets stadgar samt namnoch tj\u00e4nstg\u00f6ringsst\u00e4lle p\u00e5 varje l\u00e4nsf\u00f6renings styrelseledam\u00f6ter. Namn och adressuppgifter<br>\nskall tillst\u00e4llas f\u00f6rbundskass\u00f6ren i samband med l\u00e4nsf\u00f6renings inbetalning av<br>\nmedlemsavgifter.<br>\nStyrelsen kan utse s\u00e4rskild arbetsgrupp f\u00f6r utgivande av tidskriften. Om s\u00e5 sker befrias<br>\nstyrelsemedlemmar fr\u00e5n redaktionsuppdrag. Ansvarig utgivare se \u00a7 6.<br>\nSM<br>\n\u00a7 15.<br>\nMedlem, regin, l\u00e4nsf\u00f6rening eller polisdistrikt som \u00f6nskar anordna SM f\u00f6r polishundar i sp\u00e5r,<br>\nskydd, narkotika eller drag ska meddela f\u00f6rbundets styrelse.<br>\nSTADGAR<br>\n\u00a7 16.<br>\nF\u00f6r stadge\u00e4ndring erfordras skriftligt f\u00f6rslag som senast 1 januari skall vara f\u00f6rbundets<br>\nstyrelse tillhanda. F\u00f6rslaget skall senast 1 februari tillst\u00e4llas f\u00f6rbundsr\u00e5dets och styrelsens<br>\nledam\u00f6ter och behandlas vid kommande \u00e5rsm\u00f6te.<br>\nF\u00f6rbundets styrelse kan f\u00f6resl\u00e5 stadge\u00e4ndringar till extra f\u00f6rbundsr\u00e5d vilket skall genomf\u00f6ras<br>\nom ordinarie \u00e5rsm\u00f6te godk\u00e4nner detta eller att 2\/3 av f\u00f6rbundsr\u00e5det tillstyrker.<br>\nF\u00f6r stadge\u00e4ndring kr\u00e4vs 2\/3 majoritet.<br>\n\u00a7 17.<br>\nL\u00e4nsf\u00f6reningens stadgar skall utformas s\u00e5 att de \u00f6verensst\u00e4mmer med f\u00f6rbundets stadgar.<br>\nL\u00e4nsf\u00f6reningarna skall inom sitt omr\u00e5de verka i f\u00f6rbundets anda och sj\u00e4lvst\u00e4ndigt handl\u00e4gga<br>\nfr\u00e5gor r\u00f6rande polishundtj\u00e4nsten. I fr\u00e5gor som kan ha verkningar \u00e4ven utanf\u00f6r det egna<br>\nomr\u00e5det skal f\u00f6rbundsstyrelsens uppfattning inh\u00e4mtas.<br>\nF\u00d6RBUNDETS UPPL\u00d6SNING<br>\n\u00a7 18.<br>\nF\u00f6r f\u00f6rbundets uppl\u00f6sning erfordras att varje m\u00f6jlig medlem tillfr\u00e5gas. F\u00f6r uppl\u00f6sning kr\u00e4vs<br>\natt minst 85% av medlemmarna vid omr\u00f6stning r\u00f6stat d\u00e4rf\u00f6r. Vid uppl\u00f6sning skall<br>\ntillg\u00e5ngarna fonderas vid Svenska Polisidrottsf\u00f6rbundet.<br>\n2015-03-08<br>\nSTADGARNAS F\u00d6RH\u00c5LLANDE TILL NORDISKA POLISHUNDUNIONEN.<br>\n\u00a7 19.<br>\nOm dessa stadgar i n\u00e5got avseende strider mot Nordiska Polishundunionens stadgar, g\u00e4ller<br>\nf\u00f6rbundets stadgar till dess annorlunda beslutats eller \u00f6verenskommits.<\/li><\/ol>\n","protected":false},"excerpt":{"rendered":"<p>POLISENS HUNDF\u00d6RARF\u00d6RBUND \u00a7 1. F\u00f6rbundet har till uppgift att tillvarata medlemmarnas intressen samt vara r\u00e5dgivande organ till Svenska Polisf\u00f6rbundet i fr\u00e5gor r\u00f6rande polishundtj\u00e4nsten. F\u00f6rbundet \u00e4r partipolitiskt obundet. \u00a7 2. F\u00f6rbundet&hellip;<\/p>\n","protected":false},"author":1,"featured_media":0,"parent":0,"menu_order":0,"comment_status":"closed","ping_status":"closed","template":"","meta":[],"_links":{"self":[{"href":"https:\/\/polishund.se\/index.php?rest_route=\/wp\/v2\/pages\/9"}],"collection":[{"href":"https:\/\/polishund.se\/index.php?rest_route=\/wp\/v2\/pages"}],"about":[{"href":"https:\/\/polishund.se\/index.php?rest_route=\/wp\/v2\/types\/page"}],"author":[{"embeddable":true,"href":"https:\/\/polishund.se\/index.php?rest_route=\/wp\/v2\/users\/1"}],"replies":[{"embeddable":true,"href":"https:\/\/polishund.se\/index.php?rest_route=%2Fwp%2Fv2%2Fcomments&post=9"}],"version-history":[{"count":1,"href":"https:\/\/polishund.se\/index.php?rest_route=\/wp\/v2\/pages\/9\/revisions"}],"predecessor-version":[{"id":10,"href":"https:\/\/polishund.se\/index.php?rest_route=\/wp\/v2\/pages\/9\/revisions\/10"}],"wp:attachment":[{"href":"https:\/\/polishund.se\/index.php?rest_route=%2Fwp%2Fv2%2Fmedia&parent=9"}],"curies":[{"name":"wp","href":"https:\/\/api.w.org\/{rel}","templated":true}]}}